{"id":2290,"date":"2023-06-08T16:30:01","date_gmt":"2023-06-08T16:30:01","guid":{"rendered":"https:\/\/commune.com.mx\/?page_id=2290"},"modified":"2023-06-08T17:32:39","modified_gmt":"2023-06-08T17:32:39","slug":"solicitud-de-borrado","status":"publish","type":"page","link":"https:\/\/commune.com.mx\/index.php\/solicitud-de-borrado\/","title":{"rendered":"Solicitud de borrado"},"content":{"rendered":"<p>[vc_row css=&#8221;.vc_custom_1513739257182{padding-top: 100px !important;padding-bottom: 95px !important;}&#8221;][vc_column width=&#8221;2\/3&#8243; css=&#8221;.vc_custom_1513738934109{padding-right: 15px !important;padding-left: 15px !important;}&#8221;][vc_custom_heading text=&#8221;Solicitud de borrado&#8221; font_container=&#8221;tag:h3|font_size:30px|text_align:left|color:%23171717|line_height:30px&#8221; google_fonts=&#8221;font_family:Montserrat%3Aregular%2C700|font_style:400%20regular%3A400%3Anormal&#8221; el_class=&#8221;weight_500&#8243; css=&#8221;.vc_custom_1686241848239{margin-top: 0px !important;margin-bottom: 21px !important;}&#8221;][vc_custom_heading text=&#8221;Llena la informaci\u00f3n a continuaci\u00f3n y env\u00eda la solicitud de borrado.&#8221; font_container=&#8221;tag:p|font_size:16px|text_align:left|color:%2368686d|line_height:29px&#8221; google_fonts=&#8221;font_family:Montserrat%3Aregular%2C700|font_style:400%20regular%3A400%3Anormal&#8221; css=&#8221;.vc_custom_1686242498554{margin-bottom: 38px !important;}&#8221;]<p class=\"wpcf7-contact-form-not-found\"><strong>Error:<\/strong> No se encontr\u00f3 ning\u00fan formulario de contacto.<\/p>[vc_custom_heading text=&#8221;Esta es solo una solicitud de borrado de su cuenta para realizar el borrado es necesario se presente en la administraci\u00f3n de su fraccionamiento para completar el tramite.&#8221; font_container=&#8221;tag:p|font_size:16px|text_align:left|color:%2368686d|line_height:29px&#8221; google_fonts=&#8221;font_family:Montserrat%3Aregular%2C700|font_style:400%20regular%3A400%3Anormal&#8221; css=&#8221;.vc_custom_1686245184593{margin-bottom: 38px !important;}&#8221;][\/vc_column][vc_column width=&#8221;1\/3&#8243; css=&#8221;.vc_custom_1513738945681{padding-right: 15px !important;padding-left: 15px !important;}&#8221;][\/vc_column][\/vc_row][vc_row jws_parallax=&#8221;1&#8243; css=&#8221;.vc_custom_1512531395392{padding-top: 95px !important;padding-bottom: 100px !important;background-image: url(https:\/\/commune.com.mx\/wp-content\/uploads\/2017\/12\/brax.jpg?id=389) !important;background-position: center !important;background-repeat: no-repeat !important;background-size: cover !important;}&#8221;][vc_column][vc_custom_heading text=&#8221;La aplicaci\u00f3n experta en administraci\u00f3n de condominios&#8221; font_container=&#8221;tag:h4|font_size:30px|text_align:center|color:%23ffffff&#8221; google_fonts=&#8221;font_family:Montserrat%3Aregular%2C700|font_style:400%20regular%3A400%3Anormal&#8221; css_animation=&#8221;fadeInUp&#8221; css=&#8221;.vc_custom_1686242376432{margin-bottom: 21px !important;}&#8221;][vc_custom_heading text=&#8221;Una plataforma que fue desarrollada para la administraci\u00f3n de conjuntos residenciales y condominios.&#8221; font_container=&#8221;tag:p|font_size:16px|text_align:center|color:%23a9a9a9|line_height:30px&#8221; google_fonts=&#8221;font_family:Montserrat%3Aregular%2C700|font_style:400%20regular%3A400%3Anormal&#8221; css_animation=&#8221;fadeInUp&#8221; css=&#8221;.vc_custom_1686242392533{margin-bottom: 32px !important;}&#8221;][kloud_button_click position=&#8221;center&#8221; color=&#8221;#43cda2&#8243; color2=&#8221;#185a9d&#8221; link=&#8221;https:\/\/commune.com.mx\/index.php\/contacto\/&#8221; btn_text=&#8221;Solicita una demo&#8221; width=&#8221;270px&#8221; height=&#8221;45px&#8221; radius=&#8221;25px&#8221; animation=&#8221;fadeInUp&#8221;][\/vc_column][\/vc_row]<\/p>\n","protected":false},"excerpt":{"rendered":"<p>[vc_row css=&#8221;.vc_custom_1513739257182{padding-top: 100px !important;padding-bottom: 95px !important;}&#8221;][vc_column width=&#8221;2\/3&#8243; css=&#8221;.vc_custom_1513738934109{padding-right: 15px !important;padding-left: 15px !important;}&#8221;][vc_custom_heading text=&#8221;Solicitud de borrado&#8221; font_container=&#8221;tag:h3|font_size:30px|text_align:left|color:%23171717|line_height:30px&#8221; google_fonts=&#8221;font_family:Montserrat%3Aregular%2C700|font_style:400%20regular%3A400%3Anormal&#8221; el_class=&#8221;weight_500&#8243; css=&#8221;.vc_custom_1686241848239{margin-top: 0px !important;margin-bottom: 21px !important;}&#8221;][vc_custom_heading text=&#8221;Llena la informaci\u00f3n a continuaci\u00f3n y env\u00eda la solicitud de borrado.&#8221; font_container=&#8221;tag:p|font_size:16px|text_align:left|color:%2368686d|line_height:29px&#8221; google_fonts=&#8221;font_family:Montserrat%3Aregular%2C700|font_style:400%20regular%3A400%3Anormal&#8221; css=&#8221;.vc_custom_1686242498554{margin-bottom: 38px !important;}&#8221;][vc_custom_heading text=&#8221;Esta es solo una solicitud de borrado de su cuenta para realizar el borrado es necesario [&hellip;]<\/p>\n","protected":false},"author":1,"featured_media":0,"parent":0,"menu_order":0,"comment_status":"closed","ping_status":"closed","template":"","meta":{"footnotes":""},"class_list":["post-2290","page","type-page","status-publish","hentry"],"_links":{"self":[{"href":"https:\/\/commune.com.mx\/index.php\/wp-json\/wp\/v2\/pages\/2290","targetHints":{"allow":["GET"]}}],"collection":[{"href":"https:\/\/commune.com.mx\/index.php\/wp-json\/wp\/v2\/pages"}],"about":[{"href":"https:\/\/commune.com.mx\/index.php\/wp-json\/wp\/v2\/types\/page"}],"author":[{"embeddable":true,"href":"https:\/\/commune.com.mx\/index.php\/wp-json\/wp\/v2\/users\/1"}],"replies":[{"embeddable":true,"href":"https:\/\/commune.com.mx\/index.php\/wp-json\/wp\/v2\/comments?post=2290"}],"version-history":[{"count":15,"href":"https:\/\/commune.com.mx\/index.php\/wp-json\/wp\/v2\/pages\/2290\/revisions"}],"predecessor-version":[{"id":2309,"href":"https:\/\/commune.com.mx\/index.php\/wp-json\/wp\/v2\/pages\/2290\/revisions\/2309"}],"wp:attachment":[{"href":"https:\/\/commune.com.mx\/index.php\/wp-json\/wp\/v2\/media?parent=2290"}],"curies":[{"name":"wp","href":"https:\/\/api.w.org\/{rel}","templated":true}]}}