{"id":2250,"date":"2022-06-27T19:49:22","date_gmt":"2022-06-27T19:49:22","guid":{"rendered":"https:\/\/commune.com.mx\/?page_id=2250"},"modified":"2023-09-15T19:21:59","modified_gmt":"2023-09-15T19:21:59","slug":"aviso-de-privacidad","status":"publish","type":"page","link":"https:\/\/commune.com.mx\/index.php\/aviso-de-privacidad\/","title":{"rendered":"Aviso de privacidad"},"content":{"rendered":"<p>[vc_row css=&#8221;.vc_custom_1656360002130{padding-top: 80px !important;}&#8221;][vc_column][vc_column_text]<\/p>\n<p><b>SPHERES GUETEBRUCK ITS SYSTEMS SA DE CV<\/b> EN ADELANTE <b>\u201cCOMMUNE\u201d<\/b> (\u201cEL RESPONSABLE\u201d) con domicilio en; <b>RESIDENCIAL SANTA FE<\/b>, <b>AVENIDA SANTA FE, N\u00daMERO 53, SM 524, CANC\u00daN, MUNICIPIO DE BENITO JU\u00c1REZ, QUINTANA ROO, C.P. 77560, CORREO ELECTR\u00d3NICO<\/b>: josorio@spheres.com.mx ,declara que toda y cada una de la informaci\u00f3n de nuestros clientes ser\u00e1 tratada con una estricta confidencialidad,<span class=\"Apple-converted-space\">\u00a0 <\/span>salvaguardando la integridad de los datos personales, en cumplimiento cabal de la Ley Federal de Protecci\u00f3n de Datos Personales en Posesi\u00f3n de Particulares.<span class=\"Apple-converted-space\">\u00a0<\/span><\/p>\n<p><b>1.- Finalidad principal del tratamiento de sus datos:<br \/>\n<\/b>A) Los datos personales no sensibles (que afecten a la esfera m\u00e1s \u00edntima del Titular\u201d o cuya utilizaci\u00f3n indebida pueda dar origen a discriminaci\u00f3n o conlleve un riesgo grave para este) los datos son y ser\u00e1n recolectados con su pleno conocimiento, y se pondr\u00e1n incluir datos de identificaci\u00f3n como:<\/p>\n<p>Nombre &#8212;&#8212;&#8212;&#8212;&#8212;&#8212;- Es importante para conocer a nuestro cliente, as\u00ed como brindarle servicios.<\/p>\n<p>Domicilio &#8212;&#8212;&#8212;&#8212;&#8212;&#8211; Datos importantes que debemos de conocer, para hacerte llegar avisos en caso de ser necesario.<\/p>\n<p>Tel\u00e9fono &#8212;&#8212;&#8212;&#8212;&#8212;&#8212; Para tu pronta localizaci\u00f3n y acordar asuntos relacionados con el servicio que te ofrecemos.<\/p>\n<p>Correo electr\u00f3nico&#8212;&#8212;- Medio principal de contacto que utilizamos, en el que mantendremos comunicaci\u00f3n y estaremos informando.<\/p>\n<ol start=\"2\">\n<li>B)Finalidades secundarias:<\/li>\n<\/ol>\n<p>Contactar al propio Titular para ofrecerle productos y servicios de acuerdo a nuestro giro comercial; y con ello\u00a0presentarles las propuestas y servicios de nuestros productos y servicios.<\/p>\n<ol start=\"2\">\n<li><b><\/b><b>&#8211; Medios que \u201cCOMMUNE\u201d ofrecer\u00e1 para limitar la divulgaci\u00f3n y el uso de sus datos personales.<\/b><\/li>\n<\/ol>\n<p>\u201dCOMMUNE\u201d establecer\u00e1 y mantendr\u00e1 medidas internas de seguridad, t\u00e9cnicas, administrativas y f\u00edsicas que permiten proteger los datos personales del \u201cTITULAR\u201d contra cualquier amenaza, da\u00f1o, p\u00e9rdida, alteraci\u00f3n, destrucci\u00f3n o el uso, acceso o tratamiento no autorizado. En el caso\u00a0de que los datos personales fueran tratados por un tercero por virtud del negocio a solicitud del Responsable este est\u00e1 obligado a tomar las medidas necesarias y suficientes para garantizar que el presente Aviso de Privacidad sea respetado en todo momento por los terceros con lo que se guarde una relaci\u00f3n jur\u00eddica.<\/p>\n<p><b><br \/>\n3.- Transferencias de Datos personales.<\/b><\/p>\n<p>\u201dCOMMUNE\u201d comunica al titular\u00a0 mediante el presente aviso que <b>NO<\/b> podr\u00e1 transferir datos personales a terceros nacionales o extranjeros, sin su consentimiento.<\/p>\n<p>\u201dCOMMUNE\u201d , podr\u00e1 utilizar y divulgar los datos personales del TITULAR, cuando sea necesario para operaciones del negocio,\u00a0 cuando sean solicitadas por autoridades competentes y\/o terceros que lo requieran mediante orden judicial.<\/p>\n<p><b>4.- Derecho de acceso, rectificaci\u00f3n, cancelaci\u00f3n y oposici\u00f3n.<\/b><\/p>\n<p>El titular de los datos personales podr\u00e1 ejercer ante \u201cCOMMUNE\u201d en cualquier momento sus derechos de acceso, rectificaci\u00f3n, cancelaci\u00f3n u oposici\u00f3n respecto de sus datos personales al \u201cResponsable\u201d. La solicitud de acceso, rectificaci\u00f3n, cancelaci\u00f3n u oposici\u00f3n deber\u00e1 enviarse a trav\u00e9s de correo electr\u00f3nico a; josorio@spheres.com.mx y\/o mediante escrito libre entregado en nuestras instalaciones y\/o mediante solicitud en nuestra p\u00e1gina <a href=\"https:\/\/commune.com.mx\">https:\/\/commune.com.mx<\/a> en t\u00e9rminos del art\u00edculo 29 de la Ley Federal de Protecci\u00f3n de Datos Personales en Posesi\u00f3n de los Particulares.<\/p>\n<p><b>5.- Modificaciones al aviso de privacidad.<\/b><br \/>\n\u201dCOMMUNE\u201d se reserva el derecho a realizar cualquier tipo de modificaci\u00f3n al presente aviso de privacidad en cuyo caso ser\u00e1 comunicado de manera fehaciente al \u201ctitular\u201d de los datos personales a trav\u00e9s de correo electr\u00f3nico, tel\u00e9fono, o cualquier otro medio de comunicaci\u00f3n de igual manera mediante la publicaci\u00f3n del nuevo texto a trav\u00e9s de nuestra p\u00e1gina <a href=\"https:\/\/commune.com.mx\">https:\/\/commune.com.mx<\/a><span class=\"Apple-converted-space\">\u00a0<\/span><\/p>\n<p><strong>6.- Cl\u00e1usula de Rastreo GPS para aplicaciones de SEGURIDAD UNICAMENTE<\/strong><\/p>\n<p>En cumplimiento de las disposiciones legales aplicables a la protecci\u00f3n de datos personales y la privacidad, se proporciona el siguiente aviso de privacidad en relaci\u00f3n con el uso de tecnolog\u00edas de rastreo GPS.<\/p>\n<p>1. Finalidad del tratamiento de los datos:<br \/>\nLa Compa\u00f1\u00eda recopila y utiliza datos de ubicaci\u00f3n a trav\u00e9s de tecnolog\u00eda de rastreo GPS con la finalidad de [indicar claramente la finalidad del rastreo, por ejemplo, monitoreo de flotas de veh\u00edculos, seguimiento de env\u00edos, etc.].<\/p>\n<p>2. Datos recopilados:<br \/>\nLos datos de ubicaci\u00f3n recopilados pueden incluir, entre otros, la latitud, longitud, altitud y velocidad del dispositivo de rastreo GPS.<\/p>\n<p>3. Base legal del tratamiento:<br \/>\nEl tratamiento de los datos de ubicaci\u00f3n se realiza en base al consentimiento otorgado por el titular de los datos o en virtud de la existencia de un contrato o relaci\u00f3n comercial previa.<\/p>\n<p>4. Compartici\u00f3n de datos:<br \/>\nLos datos de ubicaci\u00f3n recopilados pueden ser compartidos con terceros proveedores de servicios contratados por la Compa\u00f1\u00eda para el cumplimiento de las finalidades se\u00f1aladas anteriormente. La Compa\u00f1\u00eda adoptar\u00e1 las medidas necesarias para asegurar que dichos terceros protejan los datos personales de conformidad con las leyes aplicables.<\/p>\n<p>5. Transferencia internacional de datos:<br \/>\nEn caso de que los datos de ubicaci\u00f3n sean transferidos a un pa\u00eds que no proporcione un nivel adecuado de protecci\u00f3n de datos personales, la Compa\u00f1\u00eda implementar\u00e1 las medidas necesarias para garantizar la seguridad y confidencialidad de los datos de conformidad con las leyes aplicables.<\/p>\n<p>6. Derechos del titular de los datos:<br \/>\nEl titular de los datos tiene derecho a acceder, rectificar, cancelar y oponerse al tratamiento de sus datos personales, as\u00ed como a revocar el consentimiento otorgado, a trav\u00e9s de los mecanismos establecidos por la Compa\u00f1\u00eda.<\/p>\n<p>7. Medidas de seguridad:<br \/>\nLa Compa\u00f1\u00eda implementar\u00e1 las medidas t\u00e9cnicas y organizativas necesarias para garantizar la seguridad y confidencialidad de los datos de ubicaci\u00f3n, evitando su alteraci\u00f3n, p\u00e9rdida, tratamiento o acceso no autorizado, de acuerdo con las leyes y regulaciones aplicables.<\/p>\n<p>8. Contacto:<br \/>\nPara ejercer sus derechos o realizar consultas relacionadas con el tratamiento de sus datos personales, el titular puede ponerse en contacto con la Compa\u00f1\u00eda a trav\u00e9s de soporte@commune.com.mx.<\/p>\n<p>Esta cl\u00e1usula de rastreo GPS forma parte integral del aviso de privacidad general de la Compa\u00f1\u00eda y tiene como objetivo proporcionar informaci\u00f3n espec\u00edfica sobre el tratamiento de datos de ubicaci\u00f3n a trav\u00e9s de tecnolog\u00eda GPS. Se recomienda que el titular de los datos revise el aviso de privacidad completo para obtener informaci\u00f3n adicional sobre el tratamiento de sus datos personales por parte de la Compa\u00f1\u00eda.<\/p>\n<p>[\/vc_column_text][\/vc_column][\/vc_row]<\/p>\n","protected":false},"excerpt":{"rendered":"<p>[vc_row css=&#8221;.vc_custom_1656360002130{padding-top: 80px !important;}&#8221;][vc_column][vc_column_text] SPHERES GUETEBRUCK ITS SYSTEMS SA DE CV EN ADELANTE \u201cCOMMUNE\u201d (\u201cEL RESPONSABLE\u201d) con domicilio en; RESIDENCIAL SANTA FE, AVENIDA SANTA FE, N\u00daMERO 53, SM 524, CANC\u00daN, MUNICIPIO DE BENITO JU\u00c1REZ, QUINTANA ROO, C.P. 77560, CORREO ELECTR\u00d3NICO: josorio@spheres.com.mx ,declara que toda y cada una de la informaci\u00f3n de nuestros clientes ser\u00e1 tratada [&hellip;]<\/p>\n","protected":false},"author":1,"featured_media":0,"parent":0,"menu_order":0,"comment_status":"closed","ping_status":"closed","template":"","meta":{"footnotes":""},"class_list":["post-2250","page","type-page","status-publish","hentry"],"_links":{"self":[{"href":"https:\/\/commune.com.mx\/index.php\/wp-json\/wp\/v2\/pages\/2250","targetHints":{"allow":["GET"]}}],"collection":[{"href":"https:\/\/commune.com.mx\/index.php\/wp-json\/wp\/v2\/pages"}],"about":[{"href":"https:\/\/commune.com.mx\/index.php\/wp-json\/wp\/v2\/types\/page"}],"author":[{"embeddable":true,"href":"https:\/\/commune.com.mx\/index.php\/wp-json\/wp\/v2\/users\/1"}],"replies":[{"embeddable":true,"href":"https:\/\/commune.com.mx\/index.php\/wp-json\/wp\/v2\/comments?post=2250"}],"version-history":[{"count":9,"href":"https:\/\/commune.com.mx\/index.php\/wp-json\/wp\/v2\/pages\/2250\/revisions"}],"predecessor-version":[{"id":3704,"href":"https:\/\/commune.com.mx\/index.php\/wp-json\/wp\/v2\/pages\/2250\/revisions\/3704"}],"wp:attachment":[{"href":"https:\/\/commune.com.mx\/index.php\/wp-json\/wp\/v2\/media?parent=2250"}],"curies":[{"name":"wp","href":"https:\/\/api.w.org\/{rel}","templated":true}]}}